{"id":20537,"date":"2021-11-10T10:53:44","date_gmt":"2021-11-10T08:53:44","guid":{"rendered":"https:\/\/www.moebel-ferrari.ch\/?post_type=product&#038;p=20537"},"modified":"2025-08-19T11:25:54","modified_gmt":"2025-08-19T09:25:54","slug":"xena-pink","status":"publish","type":"product","link":"https:\/\/shop.moebel-ferrari.ch\/en\/product\/xena-pink\/","title":{"rendered":"XENA PINK"},"content":{"rendered":"<p><strong>B\u00fcrostuhl \u2013 Klassischer Komfort &#8211; und Funktions-Drehstuhl<\/strong><\/p>\n<p>Der B\u00fcrostuhl <strong>XENA PINK<\/strong>\u00a0ist ein Komfortstuhl f\u00fcr den t\u00e4glichen Einsatz der hohe Anforderungen erf\u00fcllt. Um ein langes, bequemes Sitzen zu erm\u00f6glichen, verf\u00fcgt dieser Allrounder-Stuhl \u00fcber einen bequemen Sitzfl\u00e4che, Armlehnen und ist h\u00f6henverstellbar. Der Sitz ist auf ein elegantes Fusskreuz montiert, das mit f\u00fcnf Rollen best\u00fcckt ist und dem Stuhl sowohl die n\u00f6tige Stabilit\u00e4t als auch Beweglichkeit verleiht.<\/p>\n<p><strong>Material<\/strong><br \/>\n\u2022 Sitzfl\u00e4che: Mesh<br \/>\n\u2022 Fuss: Kunststoff<\/p>\n<p><strong>Farbe<\/strong><br \/>\n\u2022 Sitz: pink<br \/>\n\u2022 Fuss: schwarz<\/p>\n<p><strong>Ausstattung<\/strong><br \/>\n\u2022 mit H\u00f6henverstellung durch Gaslift<br \/>\n\u2022 atmungsaktive R\u00fcckenlehne<br \/>\n\u2022 Max. Belastung 80 Kg<\/p>\n<p><strong>Qualit\u00e4t<\/strong><br \/>\n\u2022 Garantie (Jahre): 2<\/p>\n<p><strong>Pflegehinweise<\/strong><br \/>\n\u2022 Mit einem feuchten Tuch abwischen<br \/>\n\u2022 Keine scharfen Haushaltsreiniger &#038; Scheuermittel verwenden<br \/>\n<\n<\/p>\n","protected":false},"excerpt":{"rendered":"<p>B\u00fcrostuhl \u2013 Klassischer Komfort &#8211; und Funktions-Drehstuhl Der B\u00fcrostuhl XENA PINK\u00a0ist ein Komfortstuhl f\u00fcr den t\u00e4glichen Einsatz der hohe Anforderungen erf\u00fcllt. Um ein langes, bequemes Sitzen<span class=\"excerpt-hellip\"> [\u2026]<\/span><\/p>\n","protected":false},"featured_media":20538,"template":"","meta":[],"product_brand":[],"product_cat":[127,225,21],"product_tag":[],"class_list":{"0":"post-20537","1":"product","2":"type-product","3":"status-publish","4":"has-post-thumbnail","6":"product_cat-buero","7":"product_cat-burostuhl","8":"product_cat-kinder","9":"B\u00fcro","10":"B\u00fcrostuhl","11":"Kinder","13":"first","14":"instock","15":"sale","16":"taxable","17":"shipping-taxable","18":"purchasable","19":"product-type-simple"},"_links":{"self":[{"href":"https:\/\/shop.moebel-ferrari.ch\/en\/wp-json\/wp\/v2\/product\/20537","targetHints":{"allow":["GET"]}}],"collection":[{"href":"https:\/\/shop.moebel-ferrari.ch\/en\/wp-json\/wp\/v2\/product"}],"about":[{"href":"https:\/\/shop.moebel-ferrari.ch\/en\/wp-json\/wp\/v2\/types\/product"}],"version-history":[{"count":2,"href":"https:\/\/shop.moebel-ferrari.ch\/en\/wp-json\/wp\/v2\/product\/20537\/revisions"}],"predecessor-version":[{"id":20543,"href":"https:\/\/shop.moebel-ferrari.ch\/en\/wp-json\/wp\/v2\/product\/20537\/revisions\/20543"}],"wp:featuredmedia":[{"embeddable":true,"href":"https:\/\/shop.moebel-ferrari.ch\/en\/wp-json\/wp\/v2\/media\/20538"}],"wp:attachment":[{"href":"https:\/\/shop.moebel-ferrari.ch\/en\/wp-json\/wp\/v2\/media?parent=20537"}],"wp:term":[{"taxonomy":"product_brand","embeddable":true,"href":"https:\/\/shop.moebel-ferrari.ch\/en\/wp-json\/wp\/v2\/product_brand?post=20537"},{"taxonomy":"product_cat","embeddable":true,"href":"https:\/\/shop.moebel-ferrari.ch\/en\/wp-json\/wp\/v2\/product_cat?post=20537"},{"taxonomy":"product_tag","embeddable":true,"href":"https:\/\/shop.moebel-ferrari.ch\/en\/wp-json\/wp\/v2\/product_tag?post=20537"}],"curies":[{"name":"wp","href":"https:\/\/api.w.org\/{rel}","templated":true}]}}