{"id":23581,"date":"2022-02-15T11:55:35","date_gmt":"2022-02-15T09:55:35","guid":{"rendered":"https:\/\/www.moebel-ferrari.ch\/?post_type=product&#038;p=23581"},"modified":"2025-07-31T08:11:05","modified_gmt":"2025-07-31T06:11:05","slug":"zumbo","status":"publish","type":"product","link":"https:\/\/shop.moebel-ferrari.ch\/en\/product\/zumbo\/","title":{"rendered":"ZUMBO"},"content":{"rendered":"<p><strong>Kinderdrehstuhl \u2013 Komfortables Sitzen<\/strong><\/p>\n<p>Der B\u00fcrostuhl <strong>ZUMBO<\/strong> \u00a0\u00abpink\u00bb ist ein Komfortstuhl f\u00fcr den t\u00e4glichen Einsatz der hohe Anforderungen erf\u00fcllt. Um ein langes, bequemes Sitzen zu erm\u00f6glichen, verf\u00fcgt dieser Allrounder-Stuhl \u00fcber einen bequemen Sitzfl\u00e4che, Armlehnen und ist h\u00f6henverstellbar. Der Sitz ist auf ein elegantes Fusskreuz montiert, das mit f\u00fcnf Rollen best\u00fcckt ist und dem Stuhl sowohl die n\u00f6tige Stabilit\u00e4t als auch Beweglichkeit verleiht.<\/p>\n<p><strong>B\u00fcrostuhl<\/strong><\/p>\n<p><strong>Material<\/strong><br \/>\n\u2022 Sitzfl\u00e4che: Stoff \/ Mesh<br \/>\n\u2022 Fuss: Kunststoff Verschalung<\/p>\n<p><strong>Farbe<\/strong><br \/>\n\u2022 Sitz: pink<br \/>\n\u2022 Fuss: schwarz<\/p>\n<p><strong>Ausf\u00fchrung\u00a0<\/strong><br \/>\n\u2022 Belastbarkeit: maximal bis 70 kg<\/p>\n<p><strong>Ausstattung<\/strong><br \/>\n\u2022 mit H\u00f6henverstellung durch Gaslift<\/p>\n<p><strong>Qualit\u00e4t<\/strong><br \/>\n\u2022 Garantie (Jahre): 2<\/p>\n<p><strong>Pflegehinweise<\/strong><br \/>\n\u2022 Mit einem feuchten Tuch abwischen<br \/>\n\u2022 Keine scharfen Haushaltsreiniger &#038; Scheuermittel verwenden<br \/>\n<\n<\/p>\n","protected":false},"excerpt":{"rendered":"<p>Kinderdrehstuhl \u2013 Komfortables Sitzen Der B\u00fcrostuhl ZUMBO \u00a0\u00abpink\u00bb ist ein Komfortstuhl f\u00fcr den t\u00e4glichen Einsatz der hohe Anforderungen erf\u00fcllt. Um ein langes, bequemes Sitzen zu erm\u00f6glichen,<span class=\"excerpt-hellip\"> [\u2026]<\/span><\/p>\n","protected":false},"featured_media":23582,"template":"","meta":[],"product_brand":[],"product_cat":[127,225,21],"product_tag":[],"class_list":{"0":"post-23581","1":"product","2":"type-product","3":"status-publish","4":"has-post-thumbnail","6":"product_cat-buero","7":"product_cat-burostuhl","8":"product_cat-kinder","9":"B\u00fcro","10":"B\u00fcrostuhl","11":"Kinder","13":"first","14":"instock","15":"sale","16":"taxable","17":"shipping-taxable","18":"purchasable","19":"product-type-simple"},"_links":{"self":[{"href":"https:\/\/shop.moebel-ferrari.ch\/en\/wp-json\/wp\/v2\/product\/23581","targetHints":{"allow":["GET"]}}],"collection":[{"href":"https:\/\/shop.moebel-ferrari.ch\/en\/wp-json\/wp\/v2\/product"}],"about":[{"href":"https:\/\/shop.moebel-ferrari.ch\/en\/wp-json\/wp\/v2\/types\/product"}],"version-history":[{"count":1,"href":"https:\/\/shop.moebel-ferrari.ch\/en\/wp-json\/wp\/v2\/product\/23581\/revisions"}],"predecessor-version":[{"id":23586,"href":"https:\/\/shop.moebel-ferrari.ch\/en\/wp-json\/wp\/v2\/product\/23581\/revisions\/23586"}],"wp:featuredmedia":[{"embeddable":true,"href":"https:\/\/shop.moebel-ferrari.ch\/en\/wp-json\/wp\/v2\/media\/23582"}],"wp:attachment":[{"href":"https:\/\/shop.moebel-ferrari.ch\/en\/wp-json\/wp\/v2\/media?parent=23581"}],"wp:term":[{"taxonomy":"product_brand","embeddable":true,"href":"https:\/\/shop.moebel-ferrari.ch\/en\/wp-json\/wp\/v2\/product_brand?post=23581"},{"taxonomy":"product_cat","embeddable":true,"href":"https:\/\/shop.moebel-ferrari.ch\/en\/wp-json\/wp\/v2\/product_cat?post=23581"},{"taxonomy":"product_tag","embeddable":true,"href":"https:\/\/shop.moebel-ferrari.ch\/en\/wp-json\/wp\/v2\/product_tag?post=23581"}],"curies":[{"name":"wp","href":"https:\/\/api.w.org\/{rel}","templated":true}]}}